{"id":2329,"date":"2009-04-01T17:17:31","date_gmt":"2009-04-01T16:17:31","guid":{"rendered":"http:\/\/www.wineops.fi\/?page_id=2329"},"modified":"2014-02-14T19:03:55","modified_gmt":"2014-02-14T18:03:55","slug":"about-2","status":"publish","type":"page","link":"https:\/\/www.wineops.fi\/?page_id=2329","title":{"rendered":"Qui sommes-nous ?"},"content":{"rendered":"<p style=\"text-align: justify;\">Wineops a \u00e9t\u00e9 cr\u00e9\u00e9 \u00e0 la fin des ann\u00e9es 2000. La destination primaire de Wineops est de vous apporter des informations pr\u00e9cises sur les vins, les r\u00e9gions viticoles et tout ce qui concerne le vin au sens large : service, verres, accords mets-vins.<\/p>\n<p style=\"text-align: justify;\">Mais Wineops vise \u00e0 \u00eatre beaucoup plus que \u00e7a. Wineops accompagne les amateurs de vins dans leurs recherches par des cours de d\u00e9gustation, par des conseils \u00e0 l&rsquo;achat ou des conseils de constitution de cave. Pour les professionnel Wineops est aussi l\u00e0, et vous propose formation, conseil en construction de carte et suivi de cave.<\/p>\n<p style=\"text-align: justify;\">Mon but ici est de rendre le vin, le plus clair possible en partageant avec vous mes connaissance et mon exp\u00e9rience de ce monde complexe et po\u00e9tique&#8230; sans pr\u00e9jug\u00e9 et sans parti pris. Vous ne me verrez pas d\u00e9fendre les vins d&rsquo;auteurs contre les m\u00e9chantes marques, vous ne me verrez pas d\u00e9fendre la biodynamie contre les affreux vignerons conventionnels. C&rsquo;est cette vision plurielle que je veux d\u00e9fendre.<\/p>\n<p style=\"text-align: justify;\">Un mot pour finir sur moi. Wineops pour le moment, c&rsquo;est principalement une personne, Matthieu Guinard. Je suis pass\u00e9 par de nombreuses formations en France et \u00e0 l&rsquo;\u00e9tranger.\u00a0J&rsquo;ai \u00e9tudi\u00e9 les langues, la philosophie, l&rsquo;art, le cin\u00e9ma et, naturellement, le vin. En ce moment j&rsquo;habite en Finlande mais je me d\u00e9place r\u00e9guli\u00e8rement en France. J&rsquo;ai appris le vin avec des sommeliers, j&rsquo;ai donc une approche tr\u00e8s orient\u00e9e consommateur avec pour seul crit\u00e8re, le plaisir apport\u00e9. Mes passions en terme de vin sont la Mosel, en Allemagne et tous ses Rieslings (du Grosses Gew\u00e4chs sec aux Auslese). L&rsquo;autre r\u00e9gion qui me passionne est l&rsquo;Autriche et particuli\u00e8rement les rouges fantastiques du Burgenland. En France, je suis particuli\u00e8rement attir\u00e9 par le Rh\u00f4ne, le Languedoc et le Roussillon. Si je devais choisir une couleur, ce serait blanc. Je hais le traitre nomm\u00e9 Ros\u00e9 ! Mes autres passions sont la musique (plut\u00f4t classique et jazz), la photographie et l&rsquo;\u00e9criture.<\/p>\n<p style=\"text-align: justify;\"><span style=\"line-height: 1.5em;\">Si vous avez une question, n&rsquo;h\u00e9sitez pas \u00e0 me contacter.<\/span><\/p>\n<p style=\"text-align: justify;\">\n","protected":false},"excerpt":{"rendered":"<p>Wineops a \u00e9t\u00e9 cr\u00e9\u00e9 \u00e0 la fin des ann\u00e9es 2000. La destination primaire de Wineops est de vous apporter des<\/p>\n","protected":false},"author":1,"featured_media":0,"parent":0,"menu_order":0,"comment_status":"open","ping_status":"closed","template":"","meta":{"_monsterinsights_skip_tracking":false,"_monsterinsights_sitenote_active":false,"_monsterinsights_sitenote_note":"","_monsterinsights_sitenote_category":0},"yoast_head":"<!-- This site is optimized with the Yoast SEO plugin v19.6.1 - https:\/\/yoast.com\/wordpress\/plugins\/seo\/ -->\n<title>Qui sommes-nous ? - Wineops<\/title>\n<meta name=\"robots\" content=\"index, follow, max-snippet:-1, max-image-preview:large, max-video-preview:-1\" \/>\n<link rel=\"canonical\" href=\"https:\/\/www.wineops.fi\/?page_id=2329\" \/>\n<meta property=\"og:locale\" content=\"fr_FR\" \/>\n<meta property=\"og:type\" content=\"article\" \/>\n<meta property=\"og:title\" content=\"Qui sommes-nous ? - Wineops\" \/>\n<meta property=\"og:description\" content=\"Wineops a \u00e9t\u00e9 cr\u00e9\u00e9 \u00e0 la fin des ann\u00e9es 2000. La destination primaire de Wineops est de vous apporter des\" \/>\n<meta property=\"og:url\" content=\"https:\/\/www.wineops.fi\/?page_id=2329\" \/>\n<meta property=\"og:site_name\" content=\"Wineops\" \/>\n<meta property=\"article:modified_time\" content=\"2014-02-14T18:03:55+00:00\" \/>\n<meta name=\"twitter:card\" content=\"summary\" \/>\n<meta name=\"twitter:label1\" content=\"Dur\u00e9e de lecture estim\u00e9e\" \/>\n\t<meta name=\"twitter:data1\" content=\"2 minutes\" \/>\n<script type=\"application\/ld+json\" class=\"yoast-schema-graph\">{\"@context\":\"https:\/\/schema.org\",\"@graph\":[{\"@type\":\"WebPage\",\"@id\":\"https:\/\/www.wineops.fi\/?page_id=2329\",\"url\":\"https:\/\/www.wineops.fi\/?page_id=2329\",\"name\":\"Qui sommes-nous ? - Wineops\",\"isPartOf\":{\"@id\":\"https:\/\/www.wineops.fi\/#website\"},\"datePublished\":\"2009-04-01T16:17:31+00:00\",\"dateModified\":\"2014-02-14T18:03:55+00:00\",\"breadcrumb\":{\"@id\":\"https:\/\/www.wineops.fi\/?page_id=2329#breadcrumb\"},\"inLanguage\":\"fr-FR\",\"potentialAction\":[{\"@type\":\"ReadAction\",\"target\":[\"https:\/\/www.wineops.fi\/?page_id=2329\"]}]},{\"@type\":\"BreadcrumbList\",\"@id\":\"https:\/\/www.wineops.fi\/?page_id=2329#breadcrumb\",\"itemListElement\":[{\"@type\":\"ListItem\",\"position\":1,\"name\":\"Accueil\",\"item\":\"https:\/\/www.wineops.fi\/\"},{\"@type\":\"ListItem\",\"position\":2,\"name\":\"Qui sommes-nous ?\"}]},{\"@type\":\"WebSite\",\"@id\":\"https:\/\/www.wineops.fi\/#website\",\"url\":\"https:\/\/www.wineops.fi\/\",\"name\":\"Wineops\",\"description\":\"Your wine world.\",\"potentialAction\":[{\"@type\":\"SearchAction\",\"target\":{\"@type\":\"EntryPoint\",\"urlTemplate\":\"https:\/\/www.wineops.fi\/?s={search_term_string}\"},\"query-input\":\"required name=search_term_string\"}],\"inLanguage\":\"fr-FR\"}]}<\/script>\n<!-- \/ Yoast SEO plugin. -->","yoast_head_json":{"title":"Qui sommes-nous ? - Wineops","robots":{"index":"index","follow":"follow","max-snippet":"max-snippet:-1","max-image-preview":"max-image-preview:large","max-video-preview":"max-video-preview:-1"},"canonical":"https:\/\/www.wineops.fi\/?page_id=2329","og_locale":"fr_FR","og_type":"article","og_title":"Qui sommes-nous ? - Wineops","og_description":"Wineops a \u00e9t\u00e9 cr\u00e9\u00e9 \u00e0 la fin des ann\u00e9es 2000. La destination primaire de Wineops est de vous apporter des","og_url":"https:\/\/www.wineops.fi\/?page_id=2329","og_site_name":"Wineops","article_modified_time":"2014-02-14T18:03:55+00:00","twitter_card":"summary","twitter_misc":{"Dur\u00e9e de lecture estim\u00e9e":"2 minutes"},"schema":{"@context":"https:\/\/schema.org","@graph":[{"@type":"WebPage","@id":"https:\/\/www.wineops.fi\/?page_id=2329","url":"https:\/\/www.wineops.fi\/?page_id=2329","name":"Qui sommes-nous ? - Wineops","isPartOf":{"@id":"https:\/\/www.wineops.fi\/#website"},"datePublished":"2009-04-01T16:17:31+00:00","dateModified":"2014-02-14T18:03:55+00:00","breadcrumb":{"@id":"https:\/\/www.wineops.fi\/?page_id=2329#breadcrumb"},"inLanguage":"fr-FR","potentialAction":[{"@type":"ReadAction","target":["https:\/\/www.wineops.fi\/?page_id=2329"]}]},{"@type":"BreadcrumbList","@id":"https:\/\/www.wineops.fi\/?page_id=2329#breadcrumb","itemListElement":[{"@type":"ListItem","position":1,"name":"Accueil","item":"https:\/\/www.wineops.fi\/"},{"@type":"ListItem","position":2,"name":"Qui sommes-nous ?"}]},{"@type":"WebSite","@id":"https:\/\/www.wineops.fi\/#website","url":"https:\/\/www.wineops.fi\/","name":"Wineops","description":"Your wine world.","potentialAction":[{"@type":"SearchAction","target":{"@type":"EntryPoint","urlTemplate":"https:\/\/www.wineops.fi\/?s={search_term_string}"},"query-input":"required name=search_term_string"}],"inLanguage":"fr-FR"}]}},"_links":{"self":[{"href":"https:\/\/www.wineops.fi\/index.php?rest_route=\/wp\/v2\/pages\/2329"}],"collection":[{"href":"https:\/\/www.wineops.fi\/index.php?rest_route=\/wp\/v2\/pages"}],"about":[{"href":"https:\/\/www.wineops.fi\/index.php?rest_route=\/wp\/v2\/types\/page"}],"author":[{"embeddable":true,"href":"https:\/\/www.wineops.fi\/index.php?rest_route=\/wp\/v2\/users\/1"}],"replies":[{"embeddable":true,"href":"https:\/\/www.wineops.fi\/index.php?rest_route=%2Fwp%2Fv2%2Fcomments&post=2329"}],"version-history":[{"count":0,"href":"https:\/\/www.wineops.fi\/index.php?rest_route=\/wp\/v2\/pages\/2329\/revisions"}],"wp:attachment":[{"href":"https:\/\/www.wineops.fi\/index.php?rest_route=%2Fwp%2Fv2%2Fmedia&parent=2329"}],"curies":[{"name":"wp","href":"https:\/\/api.w.org\/{rel}","templated":true}]}}